{"id":987630270,"date":"2025-02-19T10:03:41","date_gmt":"2025-02-19T09:03:41","guid":{"rendered":"https:\/\/www.vitii-pool.com\/privacybeleid\/"},"modified":"2026-04-17T11:05:08","modified_gmt":"2026-04-17T09:05:08","slug":"privacybeleid","status":"publish","type":"page","link":"https:\/\/www.vitii-pool.com\/nl\/privacybeleid\/","title":{"rendered":"Privacybeleid"},"content":{"rendered":"<p>[et_pb_section fb_built=&#8221;1&#8243; _builder_version=&#8221;4.16&#8243; global_colors_info=&#8221;{}&#8221;][et_pb_row _builder_version=&#8221;4.16&#8243; background_size=&#8221;initial&#8221; background_position=&#8221;top_left&#8221; background_repeat=&#8221;repeat&#8221; global_colors_info=&#8221;{}&#8221;][et_pb_column type=&#8221;4_4&#8243; _builder_version=&#8221;4.16&#8243; custom_padding=&#8221;|||&#8221; global_colors_info=&#8221;{}&#8221; custom_padding__hover=&#8221;|||&#8221;][et_pb_text _builder_version=&#8221;4.27.5&#8243; background_size=&#8221;initial&#8221; background_position=&#8221;top_left&#8221; background_repeat=&#8221;repeat&#8221; global_colors_info=&#8221;{}&#8221;]<\/p>\n<p><strong>Datum van de pagina <\/strong>: 19\/02\/2025<\/p>\n<p>Vitii heeft altijd veel belang gehecht aan de bescherming van uw persoonsgegevens.<\/p>\n<p>Daarom worden uw persoonsgegevens op een veilige manier verwerkt, in overeenstemming met Verordening (EU) nr. 2016\/679 van het Europees Parlement en de Raad van 27 april 2016 betreffende de bescherming van natuurlijke personen in verband met de verwerking van persoonsgegevens en betreffende het vrije verkeer van die gegevens (AVG) en met alle toepasselijke Franse regelgeving ter zake, met name de gewijzigde wet nr. 78-17 van 6 januari 1978 betreffende informatica, bestanden en vrijheden (LIL).<\/p>\n<p>Dit document is bedoeld om u uit te leggen hoe Vitii uw persoonsgegevens verwerkt.<\/p>\n<p>Vitii wijst erop dat zij de beheerder is van de website https:\/\/www.vitii-pool.com\/nl\/ (hierna de \u201eWebsite\u201c genoemd)<\/p>\n<p><strong>1 \u2013 Verwerkingsverantwoordelijke en contactpersoon<\/strong><\/p>\n<p>Vitii treedt op als verwerkingsverantwoordelijke met betrekking tot de gegevens van haar klanten, potenti\u00eble klanten, werknemers en sollicitanten.<\/p>\n<p>U kunt te allen tijde contact opnemen met de functionaris voor gegevensbescherming van Vitii door een e-mail te sturen naar . Hij of zij zal zo snel mogelijk reageren. <\/p>\n<p>U kunt ook per post contact met ons opnemen via het hierboven vermelde adres van het hoofdkantoor van Vitii.<\/p>\n<p><strong>2 \u2013 Rechtsgrondslag voor de verwerking<\/strong><\/p>\n<p>De verwerking van uw persoonsgegevens (voornamelijk het verzamelen en gebruiken ervan) is gebaseerd op:<\/p>\n<ul>\n<li>een overeenkomst (bijvoorbeeld wanneer u een bestelling plaatst voor een product dat op de website wordt aangeboden)<\/li>\n<li>uw toestemming (bijvoorbeeld als u solliciteert op een vacature, het verzamelen van cookies)<\/li>\n<li>onze wettelijke verplichtingen (bijvoorbeeld het beveiligen van het verkeer op de website)<\/li>\n<li>ons gerechtvaardigd belang (bijvoorbeeld om een zakelijke relatie tussen ons op te bouwen en deze relatie te onderhouden)<\/li>\n<\/ul>\n<p>Wat transacties en dus uw bankgegevens betreft, is het echter zo dat alleen de module voor online betalingen, en dus uw bank, over uw betalingsgegevens beschikt.<\/p>\n<p><strong>3 \u2013 Persoonsgegevens die Vitii mogelijk verzamelt<\/strong><\/p>\n<p>Vitii verzamelt en verwerkt persoonsgegevens van:<\/p>\n<ul>\n<li>zijn klanten, zowel consumenten als professionals,<\/li>\n<li>de gebruikers van de website<\/li>\n<li>les salari\u00e9s<\/li>\n<li>potenti\u00eble klanten<\/li>\n<li>kandidaten voor de vacatures<\/li>\n<\/ul>\n<p>Alleen de gegevens die nodig zijn voor de doeleinden van de betreffende verwerking worden verwerkt.<\/p>\n<p>Sommige gegevens worden rechtstreeks bij u verzameld, andere automatisch.<\/p>\n<p>A) Donn\u00e9es personnelles directement collect\u00e9es aupr\u00e8s de vous<\/p>\n<p>Betrokkenen bij de verwerking Persoonsgegevens die worden verwerkt<br \/>Internetgebruiker die een bestelling plaatst \u2013 uw identiteit: achternaam, voornaam \u2013 bedrijfsnaam (optioneel) \u2013 e-mailadres \u2013 telefoonnummer \u2013 postadres voor levering (indien van toepassing) \u2013 land<br \/>Werknemers Gegevens die nodig zijn voor de uitvoering van uw arbeidsovereenkomst:<br \/>Zie uw arbeidsovereenkomst\/IT-beleid\/huishoudelijk reglement<br \/>Sollicitanten Gegevens die nodig zijn voor de verwerking van uw sollicitatie: \u2013 uw identiteit: naam, voornaam \u2013 uw contactgegevens: e-mailadres of telefoonnummers \u2013 cv \u2013 alle andere gegevens die vrijwillig door de sollicitant zijn verstrekt<\/p>\n<p>Uw persoonsgegevens worden met name verwerkt wanneer:<\/p>\n<p>\u2022 U bezoekt de Website;<br \/>\u2022 U maakt een account aan;<br \/>\u2022 U gaat een overeenkomst aan met Vitii, bijvoorbeeld door een product op de Website te bestellen;<br \/>\u2022 U plaatst inhoud via de Website, met name sollicitaties;<br \/>\u2022 U neemt contact op met Vitii via telefoon, e-mail of een ander communicatiemiddel;<br \/>\u2022 U meldt een probleem met betrekking tot de Website of de diensten van Vitii;<br \/>\u2022 U oefent uw rechten uit zoals hieronder beschreven;<\/p>\n<p>Alle gebruikers worden erop gewezen dat zij verantwoordelijk blijven voor de gegevens die zij vrijwillig aan Vitii verstrekken of vermelden.<\/p>\n<p>B) Donn\u00e9es personnelles collect\u00e9es automatiquement lorsque vous utilisez nos services<\/p>\n<p>\u2022 Inloggegevens (gebruikersnaam, IP-adres, URL van de bezochte pagina, datum en tijd, duur van het bezoek).<br \/>\u2022 Les donn\u00e9es d\u2019usage du Site (modules, menus).<\/p>\n<p>C) Finalit\u00e9s du traitement<\/p>\n<p>Pour les donn\u00e9es personnelles directement collect\u00e9es aupr\u00e8s de vous :<\/p>\n<p>\u2022 De bestelling beheren en afhandelen tot aan de levering;<br \/>\u2022 Het beheren van onbetaalde rekeningen en eventuele geschillen;<br \/>\u2022 Het beantwoorden van uw verzoeken (artikel 8 hieronder);<br \/>\u2022 Het uitvoeren van activiteiten met betrekking tot klantrelatiebeheer, het beantwoorden van verzoeken om informatie en het geven van advies;<br \/>\u2022 Het beheren van onze gebruikers en de toegang tot onze diensten;<br \/>\u2022 Het naleven van onze wettelijke en reglementaire verplichtingen<\/p>\n<p>Voor automatisch verzamelde gegevens:<\/p>\n<p>c\u2022 Toezicht houden op de toegang tot de website en ervoor zorgen dat wij onze wettelijke verplichtingen op dit gebied nakomen,<br \/>\u2022 Uw navigatie op de website optimaliseren<br \/>\u2022 Gebruiksstatistieken opstellen<br \/>\u2022 Een vastgesteld risico voor uw gegevens tot een minimum beperken<br \/>\u2022 U beschermen tegen mogelijke frauduleuze handelingen<\/p>\n<p>D) A propos des cookies<\/p>\n<p>Un cookie est un fichier texte d\u00e9pos\u00e9 sur le disque dur de l\u2019internaute par le serveur du site internet visit\u00e9 par lui. Un cookie ne permet cependant pas d\u2019identifier l\u2019internaute. Il cr\u00e9e simplement un num\u00e9ro al\u00e9atoire qui enregistre des informations.  <\/p>\n<p>Ze worden 30 dagen bewaard.<\/p>\n<p>Welke soorten cookies gebruiken we?<\/p>\n<p>Essentieel: Sommige cookies zijn essentieel om alle functies van onze website te kunnen gebruiken. Ze stellen ons in staat om gebruikerssessies in stand te houden en veiligheidsrisico\u2019s te voorkomen. Ze verzamelen of bewaren geen persoonlijke gegevens. Met deze cookies kunt u bijvoorbeeld inloggen op uw account, producten aan uw winkelmandje toevoegen en veilig bestellen.   <\/p>\n<p>Statistieken: Deze cookies slaan informatie op zoals het aantal bezoekers van de website, het aantal unieke bezoekers, de pagina\u2019s van de website die zijn bezocht, de herkomst van het bezoek, enz. Deze gegevens helpen ons de prestaties van de website te begrijpen en te analyseren en verbeterpunten voor de website te identificeren. <\/p>\n<p>Voorkeuren: Deze cookies helpen ons om uw instellingen en voorkeuren, zoals taalvoorkeuren, op te slaan, zodat u bij toekomstige bezoeken aan de website een betere en effici\u00ebntere ervaring krijgt.<\/p>\n<p>In de onderstaande lijst vindt u een overzicht van de cookies die op onze website worden gebruikt.<\/p>\n<p>[cookie_audit columns=&#8221;cookie,description&#8221; heading=&#8221;La liste ci-dessous d\u00e9taille les cookies utilis\u00e9s sur notre site Web.&#8221;]<\/p>\n<p>Hoe kan ik mijn cookie-instellingen beheren?<\/p>\n<p>Zodra u zich voor het eerst aanmeldt, wordt u gevraagd om de cookie-instellingen te configureren door bepaalde soorten cookies te accepteren of te weigeren.<\/p>\n<p>U kunt uw instellingen op elk moment tijdens uw bezoek aan de website wijzigen, of door cookies te blokkeren en te verwijderen via de instellingen van uw browser.<\/p>\n<p>Voor Mozilla Firefox:<br \/>1. Ga naar het menu \u2018Extra\u2019 en selecteer vervolgens \u2018Opties\u2019,<br \/>2. Klik op het pictogram \u2018Privacy en beveiliging\u2019,<br \/>3. Zoek het menu \u2018Bewaarregels\u2019 en selecteer de opties die bij u passen.<\/p>\n<p>Voor Microsoft Internet Explorer:<br \/>1. Ga naar het menu \u2018Extra\u2019 (of \u2018Tools\u2019) en selecteer vervolgens \u2018Internetopties\u2019 (of \u2018Internet Options\u2019),<br \/>2. Klik op het tabblad \u2018Privacy\u2019 (of \u2018Confidentiality\u2019) en vervolgens op \u2018Geavanceerde instellingen\u2019,<br \/>3. Selecteer de gewenste opties.<\/p>\n<p>Voor Google Chrome:<br \/>1. Ga naar het menu \u2018Instellingen\u2019, vervolgens naar \u2018Geavanceerde instellingen\u2019 en daarna naar \u2018Inhoudsinstellingen\u2019,<br \/>2. Ga naar het menu \u2018Cookies\u2019 en selecteer \u2018Cookies uitschakelen\u2019.<\/p>\n<p>Voor Safari:<br \/>1. Ga naar het menu \u201eSafari\u201c, vervolgens naar \u201eVoorkeuren\u201c en dan naar \u201ePrivacy\u201c.<br \/>2. Selecteer \u201eCookies weigeren\u201c.<\/p>\n<p>Voor Opera:<br \/>1. Ga naar het menu \u2018Voorkeuren\u2019, vervolgens naar \u2018Geavanceerd\u2019 en dan naar \u2018Cookies\u2019<br \/>2. Selecteer \u2018Cookies nooit accepteren\u2019<\/p>\n<p>Om u te helpen bij het opsporen van cookies die mogelijk op uw computer zijn ge\u00efnstalleerd, kunt u terecht op bepaalde websites, zoals YourOnlineChoices, die tools aanbieden waarmee u uw cookies kunt bekijken en instellen.<\/p>\n<p><strong>4 \u2013 Ontvangers van persoonsgegevens<\/strong><\/p>\n<p>Uw persoonsgegevens worden gebruikt voor:<\/p>\n<p>\u2022 Vitii en zijn medewerkers<br \/>\u2022 Technische onderaannemers van Vitii<\/p>\n<p>De gegevens kunnen worden doorgegeven aan onderaannemers waarop Vitii een beroep kan doen in het kader van de uitvoering van de diensten, en wel voor zover dat nodig is voor de uitvoering van de aan hen toevertrouwde taken.<\/p>\n<p>Met name:<\/p>\n<p>\u2022 De module voor online betalingen<br \/>\u2022 De module voor de levering van bestelde producten<br \/>\u2022 De hosting van de website<br \/>\u2022 Het aanbieden van analytische oplossingen of statistieken voor het meten van bezoekersaantallen.<\/p>\n<p>Vitii ziet erop toe dat haar personeel en onderaannemers de geldende regelgeving inzake gegevensbescherming en dit privacybeleid naleven.<\/p>\n<p>Vitii eist van zijn onderaannemers en zijn personeel dat zij bijzondere aandacht besteden aan de vertrouwelijkheid en de beveiliging van gegevens.<\/p>\n<p>Uw gegevens worden in geen geval zonder uw uitdrukkelijke en voorafgaande toestemming met derden gedeeld of aan derden verkocht.<\/p>\n<p><strong>5 \u2013 Locatie van persoonsgegevens<\/strong><\/p>\n<p>Uw persoonsgegevens worden in Frankrijk opgeslagen en worden niet buiten Europa doorgegeven.<\/p>\n<p><strong>6 \u2013 De beveiliging van persoonsgegevens<\/strong><\/p>\n<p>Vitii zet zich in om de veiligheid en vertrouwelijkheid van uw persoonsgegevens te waarborgen, volgens de regels van de kunst, dat wil zeggen door een passend beschermingsniveau te eisen, zoals aanbevolen door de CNIL.<\/p>\n<p>Vitii test zijn processen regelmatig, zowel bij technische als bij fysieke incidenten, om u een optimale reactiesnelheid en effici\u00ebntie te garanderen en te behouden.<\/p>\n<p>Gezien de aard van het internet en de netwerken kan Vitii echter geen resultaatsverplichting op zich nemen. Indien een beveiligingslek wordt ontdekt dat een hoog risico voor uw rechten en vrijheden kan opleveren, verbindt Vitii zich ertoe u zo snel mogelijk op de hoogte te brengen en, voor zover mogelijk, de beste maatregelen te nemen om de inbreuk te neutraliseren en de gevolgen ervan tot een minimum te beperken. <\/p>\n<p>Vitii maakt regelmatig back-ups van uw persoonsgegevens om de gevolgen van een beveiligingslek te beperken.<\/p>\n<p><strong>7 \u2013 De bewaartermijnen van gegevens<\/strong><\/p>\n<p>Wij bewaren uw gegevens zo lang als wij daartoe krachtens de geldende wetgeving verplicht zijn.<\/p>\n<p>BEWAARTERMIJNEN<br \/>Beheer van het klantenbestand Identificatiegegevens van klanten: gedurende de looptijd van de zakelijke relatie.<br \/>Gegevens met betrekking tot de uitvoering van de overeenkomst 10 jaar na het einde van de overeenkomst<br \/>Beheer van prospects Gegevens van prospects 3 jaar vanaf het einde van deze commerci\u00eble relatie of het laatste contact<br \/>Verkeersgegevens Cookies \u2013 IP-adres, datum, tijdstip en duur van elke verbinding of informatie waarmee de ontvanger van een bericht kan worden ge\u00efdentificeerd. 13 maanden vanaf het moment van verzameling<br \/>*** Vertaald met www.DeepL.com\/Translator (gratis versie) *** <\/p>\n<p>Lorsque vous avez mis fin \u00e0 l\u2019utilisation de nos services, nous sommes susceptibles de stocker vos informations sous un format anonymis\u00e9 \u00e0 des fins statistiques.<\/p>\n<p>Onverminderd het voorgaande kunnen wij persoonsgegevens ook bewaren voor zover dit redelijkerwijs nodig is om aan onze wettelijke verplichtingen te voldoen, geschillen op te lossen en te behandelen, en onze overeenkomsten af te dwingen.<\/p>\n<p>Er wordt aan herinnerd dat de persoonsgegevens van kandidaten maximaal twee jaar worden bewaard, te rekenen vanaf de datum van het laatste contact.<\/p>\n<p><strong>8 \u2013 Het uitoefenen van uw rechten<\/strong><\/p>\n<p>Overeenkomstig de geldende regelgeving inzake de bescherming van persoonsgegevens kunt u te allen tijde uw recht op inzage, rectificatie en verwijdering van uw persoonsgegevens uitoefenen, evenals uw recht op beperking van de verwerking, uw recht om bezwaar te maken tegen de verwerking en uw recht op gegevensoverdraagbaarheid.<\/p>\n<p>Om uw rechten uit te oefenen, kunt u een e-mail sturen naar de contactpersoon van Vitii op het adres info@vitii-pool.com of per post naar: Rue des Biolleux 8,<br \/>4800 Verviers \u2013 BELGI\u00cb.<br \/>In dit kader dient u uw verzoek te vergezellen van de nodige gegevens voor uw identificatie (naam, voornaam, e-mailadres) en alle andere informatie die nodig is om uw identiteit te bevestigen. In geval van twijfel kan Vitii u vragen om een kopie van uw identiteitskaart, in overeenstemming met de bepalingen van de toepasselijke regelgeving inzake persoonsgegevens. <\/p>\n<p>Vitii verbindt zich ertoe uw rechten zo snel mogelijk te behandelen, tenzij de wet of een gerechtvaardigde reden hen verplicht bepaalde gegevens van u te bewaren.<\/p>\n<p>Vitii behoudt zich het recht voor om de werkelijke kosten in verband met uw verzoek in rekening te brengen, binnen de grenzen die zijn vastgelegd in de LIL.<\/p>\n<p>In ieder geval kunt u een klacht indienen bij de CNIL (www.cnil.fr).<\/p>\n<p><strong>9 \u2013 Wijziging van het privacybeleid<\/strong><\/p>\n<p>Vitii behoudt zich het recht voor om dit document te wijzigen, met name om te voldoen aan de ter zake geldende wettelijke en reglementaire bepalingen.<\/p>\n<p>Wij zullen commercieel redelijke inspanningen leveren om alle gebruikers in het algemeen op de hoogte te brengen van wezenlijke wijzigingen in dit privacybeleid, met name door middel van een kennisgeving op onze website.<\/p>\n<p>U dient dit beleid echter regelmatig te raadplegen. Om het u gemakkelijker te maken dit bij te houden, zullen wij de datum van de \u201eLaatste update\u201c aan het begin van dit document bijwerken; deze datum geeft aan wanneer ons privacybeleid van kracht wordt.<br \/>Als u onze diensten blijft gebruiken na de datum van de update, betekent dit dat u akkoord gaat met het beleid. Als u niet akkoord gaat met het bijgewerkte privacybeleid, moet u stoppen met het gebruik van onze diensten.  <\/p>\n<p>[\/et_pb_text][\/et_pb_column][\/et_pb_row][\/et_pb_section]<\/p>\n","protected":false},"excerpt":{"rendered":"<p>Datum van de pagina : 19\/02\/2025 Vitii heeft altijd veel belang gehecht aan de bescherming van uw persoonsgegevens. Daarom worden uw persoonsgegevens op een veilige manier verwerkt, in overeenstemming met Verordening (EU) nr. 2016\/679 van het Europees Parlement en de Raad van 27 april 2016 betreffende de bescherming van natuurlijke personen in verband met de [&hellip;]<\/p>\n","protected":false},"author":1,"featured_media":0,"parent":0,"menu_order":0,"comment_status":"closed","ping_status":"closed","template":"","meta":{"_acf_changed":false,"_et_pb_use_builder":"on","_et_pb_old_content":"","_et_gb_content_width":"","inline_featured_image":false,"footnotes":""},"class_list":["post-987630270","page","type-page","status-publish","hentry"],"acf":[],"yoast_head":"<!-- This site is optimized with the Yoast SEO plugin v27.4 - https:\/\/yoast.com\/product\/yoast-seo-wordpress\/ -->\n<title>Vitii | Privacybeleid<\/title>\n<meta name=\"description\" content=\"De toezegging van Vitii inzake de bescherming van uw persoonsgegevens en de eerbiediging van uw privacy wanneer u op ons platform surft.\" \/>\n<meta name=\"robots\" content=\"index, follow, max-snippet:-1, max-image-preview:large, max-video-preview:-1\" \/>\n<link rel=\"canonical\" href=\"https:\/\/www.vitii-pool.com\/nl\/privacybeleid\/\" \/>\n<meta property=\"og:locale\" content=\"nl_NL\" \/>\n<meta property=\"og:type\" content=\"article\" \/>\n<meta property=\"og:title\" content=\"Vitii | Privacybeleid\" \/>\n<meta property=\"og:description\" content=\"De toezegging van Vitii inzake de bescherming van uw persoonsgegevens en de eerbiediging van uw privacy wanneer u op ons platform surft.\" \/>\n<meta property=\"og:url\" content=\"https:\/\/www.vitii-pool.com\/nl\/privacybeleid\/\" \/>\n<meta property=\"og:site_name\" content=\"Vitii\" \/>\n<meta property=\"article:modified_time\" content=\"2026-04-17T09:05:08+00:00\" \/>\n<meta name=\"twitter:card\" content=\"summary_large_image\" \/>\n<meta name=\"twitter:label1\" content=\"Geschatte leestijd\" \/>\n\t<meta name=\"twitter:data1\" content=\"10 minuten\" \/>\n<script type=\"application\/ld+json\" class=\"yoast-schema-graph\">{\"@context\":\"https:\\\/\\\/schema.org\",\"@graph\":[{\"@type\":\"WebPage\",\"@id\":\"https:\\\/\\\/www.vitii-pool.com\\\/nl\\\/privacybeleid\\\/\",\"url\":\"https:\\\/\\\/www.vitii-pool.com\\\/nl\\\/privacybeleid\\\/\",\"name\":\"Vitii | Privacybeleid\",\"isPartOf\":{\"@id\":\"https:\\\/\\\/www.vitii-pool.com\\\/#website\"},\"datePublished\":\"2025-02-19T09:03:41+00:00\",\"dateModified\":\"2026-04-17T09:05:08+00:00\",\"description\":\"De toezegging van Vitii inzake de bescherming van uw persoonsgegevens en de eerbiediging van uw privacy wanneer u op ons platform surft.\",\"breadcrumb\":{\"@id\":\"https:\\\/\\\/www.vitii-pool.com\\\/nl\\\/privacybeleid\\\/#breadcrumb\"},\"inLanguage\":\"nl-NL\",\"potentialAction\":[{\"@type\":\"ReadAction\",\"target\":[\"https:\\\/\\\/www.vitii-pool.com\\\/nl\\\/privacybeleid\\\/\"]}]},{\"@type\":\"BreadcrumbList\",\"@id\":\"https:\\\/\\\/www.vitii-pool.com\\\/nl\\\/privacybeleid\\\/#breadcrumb\",\"itemListElement\":[{\"@type\":\"ListItem\",\"position\":1,\"name\":\"Home\",\"item\":\"https:\\\/\\\/www.vitii-pool.com\\\/nl\\\/\"},{\"@type\":\"ListItem\",\"position\":2,\"name\":\"Privacybeleid\"}]},{\"@type\":\"WebSite\",\"@id\":\"https:\\\/\\\/www.vitii-pool.com\\\/#website\",\"url\":\"https:\\\/\\\/www.vitii-pool.com\\\/\",\"name\":\"Vitii\",\"description\":\"Filtration \u00e9cologique\",\"publisher\":{\"@id\":\"https:\\\/\\\/www.vitii-pool.com\\\/#organization\"},\"potentialAction\":[{\"@type\":\"SearchAction\",\"target\":{\"@type\":\"EntryPoint\",\"urlTemplate\":\"https:\\\/\\\/www.vitii-pool.com\\\/?s={search_term_string}\"},\"query-input\":{\"@type\":\"PropertyValueSpecification\",\"valueRequired\":true,\"valueName\":\"search_term_string\"}}],\"inLanguage\":\"nl-NL\"},{\"@type\":\"Organization\",\"@id\":\"https:\\\/\\\/www.vitii-pool.com\\\/#organization\",\"name\":\"Vitii\",\"url\":\"https:\\\/\\\/www.vitii-pool.com\\\/\",\"logo\":{\"@type\":\"ImageObject\",\"inLanguage\":\"nl-NL\",\"@id\":\"https:\\\/\\\/www.vitii-pool.com\\\/#\\\/schema\\\/logo\\\/image\\\/\",\"url\":\"https:\\\/\\\/www.vitii-pool.com\\\/wp-content\\\/uploads\\\/2026\\\/01\\\/logo-vitti.svg\",\"contentUrl\":\"https:\\\/\\\/www.vitii-pool.com\\\/wp-content\\\/uploads\\\/2026\\\/01\\\/logo-vitti.svg\",\"width\":165,\"height\":96,\"caption\":\"Vitii\"},\"image\":{\"@id\":\"https:\\\/\\\/www.vitii-pool.com\\\/#\\\/schema\\\/logo\\\/image\\\/\"}}]}<\/script>\n<!-- \/ Yoast SEO plugin. -->","yoast_head_json":{"title":"Vitii | Privacybeleid","description":"De toezegging van Vitii inzake de bescherming van uw persoonsgegevens en de eerbiediging van uw privacy wanneer u op ons platform surft.","robots":{"index":"index","follow":"follow","max-snippet":"max-snippet:-1","max-image-preview":"max-image-preview:large","max-video-preview":"max-video-preview:-1"},"canonical":"https:\/\/www.vitii-pool.com\/nl\/privacybeleid\/","og_locale":"nl_NL","og_type":"article","og_title":"Vitii | Privacybeleid","og_description":"De toezegging van Vitii inzake de bescherming van uw persoonsgegevens en de eerbiediging van uw privacy wanneer u op ons platform surft.","og_url":"https:\/\/www.vitii-pool.com\/nl\/privacybeleid\/","og_site_name":"Vitii","article_modified_time":"2026-04-17T09:05:08+00:00","twitter_card":"summary_large_image","twitter_misc":{"Geschatte leestijd":"10 minuten"},"schema":{"@context":"https:\/\/schema.org","@graph":[{"@type":"WebPage","@id":"https:\/\/www.vitii-pool.com\/nl\/privacybeleid\/","url":"https:\/\/www.vitii-pool.com\/nl\/privacybeleid\/","name":"Vitii | Privacybeleid","isPartOf":{"@id":"https:\/\/www.vitii-pool.com\/#website"},"datePublished":"2025-02-19T09:03:41+00:00","dateModified":"2026-04-17T09:05:08+00:00","description":"De toezegging van Vitii inzake de bescherming van uw persoonsgegevens en de eerbiediging van uw privacy wanneer u op ons platform surft.","breadcrumb":{"@id":"https:\/\/www.vitii-pool.com\/nl\/privacybeleid\/#breadcrumb"},"inLanguage":"nl-NL","potentialAction":[{"@type":"ReadAction","target":["https:\/\/www.vitii-pool.com\/nl\/privacybeleid\/"]}]},{"@type":"BreadcrumbList","@id":"https:\/\/www.vitii-pool.com\/nl\/privacybeleid\/#breadcrumb","itemListElement":[{"@type":"ListItem","position":1,"name":"Home","item":"https:\/\/www.vitii-pool.com\/nl\/"},{"@type":"ListItem","position":2,"name":"Privacybeleid"}]},{"@type":"WebSite","@id":"https:\/\/www.vitii-pool.com\/#website","url":"https:\/\/www.vitii-pool.com\/","name":"Vitii","description":"Filtration \u00e9cologique","publisher":{"@id":"https:\/\/www.vitii-pool.com\/#organization"},"potentialAction":[{"@type":"SearchAction","target":{"@type":"EntryPoint","urlTemplate":"https:\/\/www.vitii-pool.com\/?s={search_term_string}"},"query-input":{"@type":"PropertyValueSpecification","valueRequired":true,"valueName":"search_term_string"}}],"inLanguage":"nl-NL"},{"@type":"Organization","@id":"https:\/\/www.vitii-pool.com\/#organization","name":"Vitii","url":"https:\/\/www.vitii-pool.com\/","logo":{"@type":"ImageObject","inLanguage":"nl-NL","@id":"https:\/\/www.vitii-pool.com\/#\/schema\/logo\/image\/","url":"https:\/\/www.vitii-pool.com\/wp-content\/uploads\/2026\/01\/logo-vitti.svg","contentUrl":"https:\/\/www.vitii-pool.com\/wp-content\/uploads\/2026\/01\/logo-vitti.svg","width":165,"height":96,"caption":"Vitii"},"image":{"@id":"https:\/\/www.vitii-pool.com\/#\/schema\/logo\/image\/"}}]}},"_links":{"self":[{"href":"https:\/\/www.vitii-pool.com\/nl\/wp-json\/wp\/v2\/pages\/987630270","targetHints":{"allow":["GET"]}}],"collection":[{"href":"https:\/\/www.vitii-pool.com\/nl\/wp-json\/wp\/v2\/pages"}],"about":[{"href":"https:\/\/www.vitii-pool.com\/nl\/wp-json\/wp\/v2\/types\/page"}],"author":[{"embeddable":true,"href":"https:\/\/www.vitii-pool.com\/nl\/wp-json\/wp\/v2\/users\/1"}],"replies":[{"embeddable":true,"href":"https:\/\/www.vitii-pool.com\/nl\/wp-json\/wp\/v2\/comments?post=987630270"}],"version-history":[{"count":4,"href":"https:\/\/www.vitii-pool.com\/nl\/wp-json\/wp\/v2\/pages\/987630270\/revisions"}],"predecessor-version":[{"id":987630274,"href":"https:\/\/www.vitii-pool.com\/nl\/wp-json\/wp\/v2\/pages\/987630270\/revisions\/987630274"}],"wp:attachment":[{"href":"https:\/\/www.vitii-pool.com\/nl\/wp-json\/wp\/v2\/media?parent=987630270"}],"curies":[{"name":"wp","href":"https:\/\/api.w.org\/{rel}","templated":true}]}}